{"id":2,"date":"2021-07-30T11:59:52","date_gmt":"2021-07-30T11:59:52","guid":{"rendered":"http:\/\/riposta.org\/?page_id=2"},"modified":"2026-03-04T18:15:09","modified_gmt":"2026-03-04T16:15:09","slug":"acasa","status":"publish","type":"page","link":"https:\/\/riposta.org\/en\/","title":{"rendered":"Acasa"},"content":{"rendered":"<div data-elementor-type=\"wp-page\" data-elementor-id=\"2\" class=\"elementor elementor-2\">\n\t\t\t\t<div class=\"aux-parallax-section elementor-element elementor-element-7353a52 e-flex e-con-boxed e-con e-parent\" data-id=\"7353a52\" data-element_type=\"container\" data-e-type=\"container\">\n\t\t\t\t\t<div class=\"e-con-inner\">\n\t\t<div class=\"elementor-element elementor-element-5cbd185 e-con-full e-flex e-con e-child\" data-id=\"5cbd185\" data-element_type=\"container\" data-e-type=\"container\">\n\t\t\t\t<div class=\"elementor-element elementor-element-b4a1c25 elementor-widget elementor-widget-heading\" data-id=\"b4a1c25\" data-element_type=\"widget\" data-e-type=\"widget\" data-widget_type=\"heading.default\">\n\t\t\t\t<div class=\"elementor-widget-container\">\n\t\t\t\t\t<h1 class=\"elementor-heading-title elementor-size-default\">Colectiva Riposta<\/h1>\t\t\t\t<\/div>\n\t\t\t\t<\/div>\n\t\t\t\t<div class=\"elementor-element elementor-element-ad3f343 elementor-widget elementor-widget-aux_modern_heading\" data-id=\"ad3f343\" data-element_type=\"widget\" data-e-type=\"widget\" data-widget_type=\"aux_modern_heading.default\">\n\t\t\t\t<div class=\"elementor-widget-container\">\n\t\t\t\t\t<section class=\"aux-widget-modern-heading\">\n            <div class=\"aux-widget-inner\"><h2 class=\"aux-modern-heading-primary\">Violence is not inevitable.<br>\n<\/h2><h3 class=\"aux-modern-heading-secondary\"><span class=\"aux-head-highlight\">Feminist Self Defense Workshops<\/span><\/h3><div class=\"aux-modern-heading-divider\"><\/div><div class=\"aux-modern-heading-description\"><p>Violence does not begin with the first shout or the first slap, but is a long and complex process that often starts with subtle signs. However, it can be recognised and addressed using a variety of strategies.<\/p><\/div><\/div>\n        <\/section>\t\t\t\t<\/div>\n\t\t\t\t<\/div>\n\t\t\t\t<div class=\"elementor-element elementor-element-59e7cb9 elementor-widget elementor-widget-button\" data-id=\"59e7cb9\" data-element_type=\"widget\" data-e-type=\"widget\" data-widget_type=\"button.default\">\n\t\t\t\t<div class=\"elementor-widget-container\">\n\t\t\t\t\t\t\t\t\t<div class=\"elementor-button-wrapper\">\n\t\t\t\t\t<a class=\"elementor-button elementor-button-link elementor-size-sm\" href=\"https:\/\/riposta.org\/en\/ce-este\/\">\n\t\t\t\t\t\t<span class=\"elementor-button-content-wrapper\">\n\t\t\t\t\t\t\t\t\t<span class=\"elementor-button-text\">See how<\/span>\n\t\t\t\t\t<\/span>\n\t\t\t\t\t<\/a>\n\t\t\t\t<\/div>\n\t\t\t\t\t\t\t\t<\/div>\n\t\t\t\t<\/div>\n\t\t\t\t<\/div>\n\t\t<div class=\"elementor-element elementor-element-933e640 e-con-full e-flex e-con e-child\" data-id=\"933e640\" data-element_type=\"container\" data-e-type=\"container\">\n\t\t\t\t<div class=\"elementor-element elementor-element-df10fce elementor-widget elementor-widget-image\" data-id=\"df10fce\" data-element_type=\"widget\" data-e-type=\"widget\" data-widget_type=\"image.default\">\n\t\t\t\t<div class=\"elementor-widget-container\">\n\t\t\t\t\t\t\t\t\t\t\t\t\t\t\t<img fetchpriority=\"high\" decoding=\"async\" width=\"800\" height=\"800\" src=\"http:\/\/riposta.org\/wp-content\/uploads\/2026\/02\/postits___.png\" class=\"attachment-full size-full wp-image-295\" alt=\"\" srcset=\"http:\/\/riposta.org\/wp-content\/uploads\/2026\/02\/postits___.png 800w, http:\/\/riposta.org\/wp-content\/uploads\/2026\/02\/postits___-300x300.png 300w, http:\/\/riposta.org\/wp-content\/uploads\/2026\/02\/postits___-150x150.png 150w, http:\/\/riposta.org\/wp-content\/uploads\/2026\/02\/postits___-768x768.png 768w\" sizes=\"(max-width: 800px) 100vw, 800px\" \/>\t\t\t\t\t\t\t\t\t\t\t\t\t\t\t<\/div>\n\t\t\t\t<\/div>\n\t\t\t\t<\/div>\n\t\t\t\t\t<\/div>\n\t\t\t\t<\/div>\n\t\t<div class=\"aux-parallax-section elementor-element elementor-element-1377651 e-flex e-con-boxed e-con e-parent\" data-id=\"1377651\" data-element_type=\"container\" data-e-type=\"container\">\n\t\t\t\t\t<div class=\"e-con-inner\">\n\t\t\t\t<div class=\"elementor-element elementor-element-4a3bb5a elementor-widget elementor-widget-heading\" data-id=\"4a3bb5a\" data-element_type=\"widget\" data-e-type=\"widget\" data-widget_type=\"heading.default\">\n\t\t\t\t<div class=\"elementor-widget-container\">\n\t\t\t\t\t<h2 class=\"elementor-heading-title elementor-size-default\">We can prevent violence before it starts.<\/h2>\t\t\t\t<\/div>\n\t\t\t\t<\/div>\n\t\t\t\t<div class=\"elementor-element elementor-element-b4a8f40 elementor-widget elementor-widget-text-editor\" data-id=\"b4a8f40\" data-element_type=\"widget\" data-e-type=\"widget\" data-widget_type=\"text-editor.default\">\n\t\t\t\t<div class=\"elementor-widget-container\">\n\t\t\t\t\t\t\t\t\t<p>Riposta Collective is an informal group led by women and queer people working in the field of <strong>primary prevention of gender-based violence.<\/strong>\u00a0<\/p><p><strong>We offer<\/strong> <strong>feminist self defense workshops<\/strong> and classes on emotional literacy.<\/p>\t\t\t\t\t\t\t\t<\/div>\n\t\t\t\t<\/div>\n\t\t\t\t<div class=\"elementor-element elementor-element-e6033f3 elementor-widget elementor-widget-button\" data-id=\"e6033f3\" data-element_type=\"widget\" data-e-type=\"widget\" data-widget_type=\"button.default\">\n\t\t\t\t<div class=\"elementor-widget-container\">\n\t\t\t\t\t\t\t\t\t<div class=\"elementor-button-wrapper\">\n\t\t\t\t\t<a class=\"elementor-button elementor-button-link elementor-size-sm\" href=\"https:\/\/riposta.org\/en\/program\/\">\n\t\t\t\t\t\t<span class=\"elementor-button-content-wrapper\">\n\t\t\t\t\t\t\t\t\t<span class=\"elementor-button-text\">See next workshops<\/span>\n\t\t\t\t\t<\/span>\n\t\t\t\t\t<\/a>\n\t\t\t\t<\/div>\n\t\t\t\t\t\t\t\t<\/div>\n\t\t\t\t<\/div>\n\t\t\t\t\t<\/div>\n\t\t\t\t<\/div>\n\t\t<div class=\"aux-parallax-section elementor-element elementor-element-d3d0c10 e-flex e-con-boxed e-con e-parent\" data-id=\"d3d0c10\" data-element_type=\"container\" data-e-type=\"container\" id=\"Ce-este\">\n\t\t\t\t\t<div class=\"e-con-inner\">\n\t\t\t\t<div class=\"elementor-element elementor-element-e98315a elementor-widget elementor-widget-heading\" data-id=\"e98315a\" data-element_type=\"widget\" data-e-type=\"widget\" data-widget_type=\"heading.default\">\n\t\t\t\t<div class=\"elementor-widget-container\">\n\t\t\t\t\t<h2 class=\"elementor-heading-title elementor-size-default\">Ce este AutoAp\u0103rarea Feminist\u0103?<\/h2>\t\t\t\t<\/div>\n\t\t\t\t<\/div>\n\t\t\t\t<div class=\"elementor-element elementor-element-a84938e elementor-widget elementor-widget-text-editor\" data-id=\"a84938e\" data-element_type=\"widget\" data-e-type=\"widget\" data-widget_type=\"text-editor.default\">\n\t\t\t\t<div class=\"elementor-widget-container\">\n\t\t\t\t\t\t\t\t\t<p>Autoap\u0103rarea Feminist\u0103 este o metod\u0103 de<strong> preven\u021bie primar\u0103 a violen\u021bei de gen. <\/strong>Atelierele noastre con\u021bin at\u00e2t tehnici de autoap\u0103rare fizic\u0103, c\u00e2t \u0219i tehnici de autoap\u0103rare emo\u021bional\u0103 \u0219i mental\u0103.<\/p><h5>\u00cenainte s\u0103 fie necesar s\u0103 ne ap\u0103r\u0103m cu pumnii, trebuie s\u0103 recunoa\u0219tem violen\u021ba \u00een cele mai subtile forme ale ei.<\/h5><p>Trebuie s\u0103 \u00een\u021belegem violen\u021ba nu doar ca un val de agresiuni fizice evidente, ci \u0219i ca un set de comportamente ce pot avea impact la nivel mental, emo\u021bional \u0219i psihologic.<\/p><p>Autoap\u0103rarea Feminist\u0103 este o abordare complex\u0103 bazat\u0103 pe dreptul la integritate a persoanelor.<\/p>\t\t\t\t\t\t\t\t<\/div>\n\t\t\t\t<\/div>\n\t\t\t\t\t<\/div>\n\t\t\t\t<\/div>\n\t\t<div class=\"aux-parallax-section elementor-element elementor-element-a56911d e-flex e-con-boxed e-con e-parent\" data-id=\"a56911d\" data-element_type=\"container\" data-e-type=\"container\" data-settings=\"{&quot;background_background&quot;:&quot;classic&quot;}\">\n\t\t\t\t\t<div class=\"e-con-inner\">\n\t\t\t\t<div class=\"elementor-element elementor-element-9d26bee elementor-widget elementor-widget-text-editor\" data-id=\"9d26bee\" data-element_type=\"widget\" data-e-type=\"widget\" data-widget_type=\"text-editor.default\">\n\t\t\t\t<div class=\"elementor-widget-container\">\n\t\t\t\t\t\t\t\t\t<p>Aboneaz\u0103-te la newsletterul nostru \u0219i afl\u0103 primx de ce mai punem la cale!\u00a0<\/p>\t\t\t\t\t\t\t\t<\/div>\n\t\t\t\t<\/div>\n\t\t\t\t<div class=\"elementor-element elementor-element-98ce380 elementor-align-center elementor-widget elementor-widget-button\" data-id=\"98ce380\" data-element_type=\"widget\" data-e-type=\"widget\" data-widget_type=\"button.default\">\n\t\t\t\t<div class=\"elementor-widget-container\">\n\t\t\t\t\t\t\t\t\t<div class=\"elementor-button-wrapper\">\n\t\t\t\t\t<a class=\"elementor-button elementor-button-link elementor-size-sm\" href=\"https:\/\/fd19588e.sibforms.com\/serve\/MUIFAJLdw-FEcm0sc-7FlyaK5GkuVmyzOYsaKHZSbMLRTkgOLmLixfNMTgVAfHbgTsQ5pLX-GlFfMONnH8MVJCKxDfCh5UnCL9wB0mTyFrZFJ0XDfMn8WYr5-XM6DIFYjYnXxs1VGzUhGEn1hyBIpoRDN1K1SfVZIph314UnRxKkidNZPLUoIA33ybv2KAQGu-3l-fqG4DC8nKKC\" target=\"_blank\" rel=\"noopener noreferrer nofollow\">\n\t\t\t\t\t\t<span class=\"elementor-button-content-wrapper\">\n\t\t\t\t\t\t\t\t\t<span class=\"elementor-button-text\">Aboneaz\u0103-te<\/span>\n\t\t\t\t\t<\/span>\n\t\t\t\t\t<\/a>\n\t\t\t\t<\/div>\n\t\t\t\t\t\t\t\t<\/div>\n\t\t\t\t<\/div>\n\t\t\t\t\t<\/div>\n\t\t\t\t<\/div>\n\t\t<div class=\"aux-parallax-section elementor-element elementor-element-b010aa7 e-flex e-con-boxed e-con e-parent\" data-id=\"b010aa7\" data-element_type=\"container\" data-e-type=\"container\" data-settings=\"{&quot;background_background&quot;:&quot;classic&quot;}\">\n\t\t\t\t\t<div class=\"e-con-inner\">\n\t\t\t\t<div class=\"elementor-element elementor-element-2d9d5ff elementor-widget elementor-widget-heading\" data-id=\"2d9d5ff\" data-element_type=\"widget\" data-e-type=\"widget\" data-widget_type=\"heading.default\">\n\t\t\t\t<div class=\"elementor-widget-container\">\n\t\t\t\t\t<h2 class=\"elementor-heading-title elementor-size-default\"><a href=\"https:\/\/riposta.org\/en\/sprijina\/\">Sprijin\u0103 misiunea asocia\u021biei!<\/a><\/h2>\t\t\t\t<\/div>\n\t\t\t\t<\/div>\n\t\t\t\t<div class=\"elementor-element elementor-element-b10144d elementor-widget elementor-widget-text-editor\" data-id=\"b10144d\" data-element_type=\"widget\" data-e-type=\"widget\" data-widget_type=\"text-editor.default\">\n\t\t\t\t<div class=\"elementor-widget-container\">\n\t\t\t\t\t\t\t\t\t<p>Vezi cum po\u021bi s\u0103 donezi pentru autoap\u0103rare.<\/p>\t\t\t\t\t\t\t\t<\/div>\n\t\t\t\t<\/div>\n\t\t\t\t\t<\/div>\n\t\t\t\t<\/div>\n\t\t\t\t<\/div>","protected":false},"excerpt":{"rendered":"<p>Colectiva Riposta Violen\u021ba nu este inevitabil\u0103. Ateliere de AutoAp\u0103rare Feminist\u0103 Violen\u021ba nu \u00eencepe prima dat\u0103 c\u00e2nd se url\u0103, sau cu prima palm\u0103, ci e un parcurs mai lung \u0219i complex, care \u00eencepe deseori cu semne subtile. Dar ea poate fi recunoscut\u0103 \u0219i abordat\u0103 folosind o mul\u021bime de strategii. Afl\u0103 cum Putem preveni violen\u021ba \u00eenc\u0103 de [&hellip;]<\/p>\n","protected":false},"author":1,"featured_media":0,"parent":0,"menu_order":0,"comment_status":"closed","ping_status":"open","template":"elementor_header_footer","meta":{"footnotes":""},"class_list":["post-2","page","type-page","status-publish","hentry"],"yoast_head":"<!-- This site is optimized with the Yoast SEO plugin v27.4 - https:\/\/yoast.com\/product\/yoast-seo-wordpress\/ -->\n<title>Acasa - RIPOSTA<\/title>\n<meta name=\"robots\" content=\"index, follow, max-snippet:-1, max-image-preview:large, max-video-preview:-1\" \/>\n<link rel=\"canonical\" href=\"https:\/\/riposta.org\/en\/\" \/>\n<meta property=\"og:locale\" content=\"en_US\" \/>\n<meta property=\"og:type\" content=\"article\" \/>\n<meta property=\"og:title\" content=\"Acasa - RIPOSTA\" \/>\n<meta property=\"og:description\" content=\"Colectiva Riposta Violen\u021ba nu este inevitabil\u0103. Ateliere de AutoAp\u0103rare Feminist\u0103 Violen\u021ba nu \u00eencepe prima dat\u0103 c\u00e2nd se url\u0103, sau cu prima palm\u0103, ci e un parcurs mai lung \u0219i complex, care \u00eencepe deseori cu semne subtile. Dar ea poate fi recunoscut\u0103 \u0219i abordat\u0103 folosind o mul\u021bime de strategii. Afl\u0103 cum Putem preveni violen\u021ba \u00eenc\u0103 de [&hellip;]\" \/>\n<meta property=\"og:url\" content=\"https:\/\/riposta.org\/en\/\" \/>\n<meta property=\"og:site_name\" content=\"RIPOSTA\" \/>\n<meta property=\"article:modified_time\" content=\"2026-03-04T16:15:09+00:00\" \/>\n<meta property=\"og:image\" content=\"http:\/\/riposta.org\/wp-content\/uploads\/2026\/02\/postits___.png\" \/>\n<meta name=\"twitter:card\" content=\"summary_large_image\" \/>\n<meta name=\"twitter:label1\" content=\"Est. reading time\" \/>\n\t<meta name=\"twitter:data1\" content=\"2 minutes\" \/>\n<script type=\"application\/ld+json\" class=\"yoast-schema-graph\">{\"@context\":\"https:\\\/\\\/schema.org\",\"@graph\":[{\"@type\":\"WebPage\",\"@id\":\"https:\\\/\\\/riposta.org\\\/en\\\/\",\"url\":\"https:\\\/\\\/riposta.org\\\/en\\\/\",\"name\":\"Acasa - RIPOSTA\",\"isPartOf\":{\"@id\":\"https:\\\/\\\/riposta.org\\\/en\\\/#website\"},\"primaryImageOfPage\":{\"@id\":\"https:\\\/\\\/riposta.org\\\/en\\\/#primaryimage\"},\"image\":{\"@id\":\"https:\\\/\\\/riposta.org\\\/en\\\/#primaryimage\"},\"thumbnailUrl\":\"http:\\\/\\\/riposta.org\\\/wp-content\\\/uploads\\\/2026\\\/02\\\/postits___.png\",\"datePublished\":\"2021-07-30T11:59:52+00:00\",\"dateModified\":\"2026-03-04T16:15:09+00:00\",\"breadcrumb\":{\"@id\":\"https:\\\/\\\/riposta.org\\\/en\\\/#breadcrumb\"},\"inLanguage\":\"en-US\",\"potentialAction\":[{\"@type\":\"ReadAction\",\"target\":[\"https:\\\/\\\/riposta.org\\\/en\\\/\"]}]},{\"@type\":\"ImageObject\",\"inLanguage\":\"en-US\",\"@id\":\"https:\\\/\\\/riposta.org\\\/en\\\/#primaryimage\",\"url\":\"http:\\\/\\\/riposta.org\\\/wp-content\\\/uploads\\\/2026\\\/02\\\/postits___.png\",\"contentUrl\":\"http:\\\/\\\/riposta.org\\\/wp-content\\\/uploads\\\/2026\\\/02\\\/postits___.png\"},{\"@type\":\"BreadcrumbList\",\"@id\":\"https:\\\/\\\/riposta.org\\\/en\\\/#breadcrumb\",\"itemListElement\":[{\"@type\":\"ListItem\",\"position\":1,\"name\":\"Home\",\"item\":\"https:\\\/\\\/riposta.org\\\/en\\\/\"},{\"@type\":\"ListItem\",\"position\":2,\"name\":\"Acasa\"}]},{\"@type\":\"WebSite\",\"@id\":\"https:\\\/\\\/riposta.org\\\/en\\\/#website\",\"url\":\"https:\\\/\\\/riposta.org\\\/en\\\/\",\"name\":\"RIPOSTA\",\"description\":\"\",\"publisher\":{\"@id\":\"https:\\\/\\\/riposta.org\\\/en\\\/#organization\"},\"potentialAction\":[{\"@type\":\"SearchAction\",\"target\":{\"@type\":\"EntryPoint\",\"urlTemplate\":\"https:\\\/\\\/riposta.org\\\/en\\\/?s={search_term_string}\"},\"query-input\":{\"@type\":\"PropertyValueSpecification\",\"valueRequired\":true,\"valueName\":\"search_term_string\"}}],\"inLanguage\":\"en-US\"},{\"@type\":\"Organization\",\"@id\":\"https:\\\/\\\/riposta.org\\\/en\\\/#organization\",\"name\":\"RIPOSTA\",\"url\":\"https:\\\/\\\/riposta.org\\\/en\\\/\",\"logo\":{\"@type\":\"ImageObject\",\"inLanguage\":\"en-US\",\"@id\":\"https:\\\/\\\/riposta.org\\\/en\\\/#\\\/schema\\\/logo\\\/image\\\/\",\"url\":\"https:\\\/\\\/riposta.org\\\/wp-content\\\/uploads\\\/2026\\\/02\\\/logo-Riposta_500small.png\",\"contentUrl\":\"https:\\\/\\\/riposta.org\\\/wp-content\\\/uploads\\\/2026\\\/02\\\/logo-Riposta_500small.png\",\"width\":120,\"height\":120,\"caption\":\"RIPOSTA\"},\"image\":{\"@id\":\"https:\\\/\\\/riposta.org\\\/en\\\/#\\\/schema\\\/logo\\\/image\\\/\"},\"sameAs\":[\"https:\\\/\\\/www.instagram.com\\\/colectiva.riposta\\\/\"]}]}<\/script>\n<!-- \/ Yoast SEO plugin. -->","yoast_head_json":{"title":"Acasa - RIPOSTA","robots":{"index":"index","follow":"follow","max-snippet":"max-snippet:-1","max-image-preview":"max-image-preview:large","max-video-preview":"max-video-preview:-1"},"canonical":"https:\/\/riposta.org\/en\/","og_locale":"en_US","og_type":"article","og_title":"Acasa - RIPOSTA","og_description":"Colectiva Riposta Violen\u021ba nu este inevitabil\u0103. Ateliere de AutoAp\u0103rare Feminist\u0103 Violen\u021ba nu \u00eencepe prima dat\u0103 c\u00e2nd se url\u0103, sau cu prima palm\u0103, ci e un parcurs mai lung \u0219i complex, care \u00eencepe deseori cu semne subtile. Dar ea poate fi recunoscut\u0103 \u0219i abordat\u0103 folosind o mul\u021bime de strategii. Afl\u0103 cum Putem preveni violen\u021ba \u00eenc\u0103 de [&hellip;]","og_url":"https:\/\/riposta.org\/en\/","og_site_name":"RIPOSTA","article_modified_time":"2026-03-04T16:15:09+00:00","og_image":[{"url":"http:\/\/riposta.org\/wp-content\/uploads\/2026\/02\/postits___.png","type":"","width":"","height":""}],"twitter_card":"summary_large_image","twitter_misc":{"Est. reading time":"2 minutes"},"schema":{"@context":"https:\/\/schema.org","@graph":[{"@type":"WebPage","@id":"https:\/\/riposta.org\/en\/","url":"https:\/\/riposta.org\/en\/","name":"Acasa - RIPOSTA","isPartOf":{"@id":"https:\/\/riposta.org\/en\/#website"},"primaryImageOfPage":{"@id":"https:\/\/riposta.org\/en\/#primaryimage"},"image":{"@id":"https:\/\/riposta.org\/en\/#primaryimage"},"thumbnailUrl":"http:\/\/riposta.org\/wp-content\/uploads\/2026\/02\/postits___.png","datePublished":"2021-07-30T11:59:52+00:00","dateModified":"2026-03-04T16:15:09+00:00","breadcrumb":{"@id":"https:\/\/riposta.org\/en\/#breadcrumb"},"inLanguage":"en-US","potentialAction":[{"@type":"ReadAction","target":["https:\/\/riposta.org\/en\/"]}]},{"@type":"ImageObject","inLanguage":"en-US","@id":"https:\/\/riposta.org\/en\/#primaryimage","url":"http:\/\/riposta.org\/wp-content\/uploads\/2026\/02\/postits___.png","contentUrl":"http:\/\/riposta.org\/wp-content\/uploads\/2026\/02\/postits___.png"},{"@type":"BreadcrumbList","@id":"https:\/\/riposta.org\/en\/#breadcrumb","itemListElement":[{"@type":"ListItem","position":1,"name":"Home","item":"https:\/\/riposta.org\/en\/"},{"@type":"ListItem","position":2,"name":"Acasa"}]},{"@type":"WebSite","@id":"https:\/\/riposta.org\/en\/#website","url":"https:\/\/riposta.org\/en\/","name":"RIPOSTA","description":"","publisher":{"@id":"https:\/\/riposta.org\/en\/#organization"},"potentialAction":[{"@type":"SearchAction","target":{"@type":"EntryPoint","urlTemplate":"https:\/\/riposta.org\/en\/?s={search_term_string}"},"query-input":{"@type":"PropertyValueSpecification","valueRequired":true,"valueName":"search_term_string"}}],"inLanguage":"en-US"},{"@type":"Organization","@id":"https:\/\/riposta.org\/en\/#organization","name":"RIPOSTA","url":"https:\/\/riposta.org\/en\/","logo":{"@type":"ImageObject","inLanguage":"en-US","@id":"https:\/\/riposta.org\/en\/#\/schema\/logo\/image\/","url":"https:\/\/riposta.org\/wp-content\/uploads\/2026\/02\/logo-Riposta_500small.png","contentUrl":"https:\/\/riposta.org\/wp-content\/uploads\/2026\/02\/logo-Riposta_500small.png","width":120,"height":120,"caption":"RIPOSTA"},"image":{"@id":"https:\/\/riposta.org\/en\/#\/schema\/logo\/image\/"},"sameAs":["https:\/\/www.instagram.com\/colectiva.riposta\/"]}]}},"_links":{"self":[{"href":"https:\/\/riposta.org\/en\/wp-json\/wp\/v2\/pages\/2","targetHints":{"allow":["GET"]}}],"collection":[{"href":"https:\/\/riposta.org\/en\/wp-json\/wp\/v2\/pages"}],"about":[{"href":"https:\/\/riposta.org\/en\/wp-json\/wp\/v2\/types\/page"}],"author":[{"embeddable":true,"href":"https:\/\/riposta.org\/en\/wp-json\/wp\/v2\/users\/1"}],"replies":[{"embeddable":true,"href":"https:\/\/riposta.org\/en\/wp-json\/wp\/v2\/comments?post=2"}],"version-history":[{"count":5,"href":"https:\/\/riposta.org\/en\/wp-json\/wp\/v2\/pages\/2\/revisions"}],"predecessor-version":[{"id":464,"href":"https:\/\/riposta.org\/en\/wp-json\/wp\/v2\/pages\/2\/revisions\/464"}],"wp:attachment":[{"href":"https:\/\/riposta.org\/en\/wp-json\/wp\/v2\/media?parent=2"}],"curies":[{"name":"wp","href":"https:\/\/api.w.org\/{rel}","templated":true}]}}