{"id":39,"date":"2021-07-30T14:06:59","date_gmt":"2021-07-30T14:06:59","guid":{"rendered":"http:\/\/riposta.org\/?page_id=39"},"modified":"2026-02-03T13:09:47","modified_gmt":"2026-02-03T11:09:47","slug":"sprijina","status":"publish","type":"page","link":"https:\/\/riposta.org\/en\/sprijina\/","title":{"rendered":"Sprijina"},"content":{"rendered":"<div data-elementor-type=\"wp-page\" data-elementor-id=\"39\" class=\"elementor elementor-39\">\n\t\t\t\t<div class=\"aux-parallax-section elementor-element elementor-element-ad88073 e-flex e-con-boxed e-con e-parent\" data-id=\"ad88073\" data-element_type=\"container\" data-e-type=\"container\">\n\t\t\t\t\t<div class=\"e-con-inner\">\n\t\t\t\t<div class=\"elementor-element elementor-element-2ea7158 elementor-widget elementor-widget-heading\" data-id=\"2ea7158\" data-element_type=\"widget\" data-e-type=\"widget\" data-widget_type=\"heading.default\">\n\t\t\t\t<div class=\"elementor-widget-container\">\n\t\t\t\t\t<h1 class=\"elementor-heading-title elementor-size-default\">Sprijin\u0103<\/h1>\t\t\t\t<\/div>\n\t\t\t\t<\/div>\n\t\t\t\t<div class=\"elementor-element elementor-element-d8437a1 elementor-widget elementor-widget-text-editor\" data-id=\"d8437a1\" data-element_type=\"widget\" data-e-type=\"widget\" data-widget_type=\"text-editor.default\">\n\t\t\t\t<div class=\"elementor-widget-container\">\n\t\t\t\t\t\t\t\t\t<div class=\"elementor-element elementor-element-686022d elementor-widget elementor-widget-text-editor\" data-id=\"686022d\" data-element_type=\"widget\" data-settings=\"{&quot;_animation&quot;:&quot;none&quot;}\" data-widget_type=\"text-editor.default\"><div class=\"elementor-widget-container\">Suntem o echip\u0103 mic\u0103, care p\u00e2n\u0103 acum am lucrat voluntar la aceast\u0103 ini\u021biativ\u0103. Mii de ore de organizare logistic\u0103, administrativ\u0103, financiar\u0103 \u0219i preg\u0103tire pe toate planurile pentru a putea sus\u021bine atelierele dintr-o zon\u0103 \u00een care suntem \u00eencrez\u0103toarex \u00een informa\u021biile pe care le transmitem.<br \/>\u0218tim c\u0103 cererea pentru ateliere \u0219i mai multe evenimente este foarte mare, dar cel mai important obstacol care nu ne permite s\u0103 ne dedic\u0103m mai multe energii acestei ini\u021biative este factorul economic.<\/div><\/div>\t\t\t\t\t\t\t\t<\/div>\n\t\t\t\t<\/div>\n\t\t\t\t<div class=\"elementor-element elementor-element-57f95e0 elementor-widget elementor-widget-heading\" data-id=\"57f95e0\" data-element_type=\"widget\" data-e-type=\"widget\" data-widget_type=\"heading.default\">\n\t\t\t\t<div class=\"elementor-widget-container\">\n\t\t\t\t\t<h2 class=\"elementor-heading-title elementor-size-default\">Atelierele noastre sunt gratuite \u0219i nu vor fi nicic\u00e2nd condi\u021bionate de taxe de \u00eenscriere sau alte piedici.<\/h2>\t\t\t\t<\/div>\n\t\t\t\t<\/div>\n\t\t\t\t<div class=\"elementor-element elementor-element-0f5569f elementor-widget elementor-widget-heading\" data-id=\"0f5569f\" data-element_type=\"widget\" data-e-type=\"widget\" data-widget_type=\"heading.default\">\n\t\t\t\t<div class=\"elementor-widget-container\">\n\t\t\t\t\t<h4 class=\"elementor-heading-title elementor-size-default\">De aceea, avem nevoie de ajutorul vostru pentru a ne putea sus\u021bine activitatea!\u00a0<\/h4>\t\t\t\t<\/div>\n\t\t\t\t<\/div>\n\t\t\t\t\t<\/div>\n\t\t\t\t<\/div>\n\t\t<div class=\"aux-parallax-section elementor-element elementor-element-51c94eb e-flex e-con-boxed e-con e-parent\" data-id=\"51c94eb\" data-element_type=\"container\" data-e-type=\"container\">\n\t\t\t\t\t<div class=\"e-con-inner\">\n\t\t<div class=\"elementor-element elementor-element-02f6067 e-con-full e-flex e-con e-child\" data-id=\"02f6067\" data-element_type=\"container\" data-e-type=\"container\">\n\t\t\t\t<div class=\"elementor-element elementor-element-342060c elementor-widget elementor-widget-heading\" data-id=\"342060c\" data-element_type=\"widget\" data-e-type=\"widget\" data-widget_type=\"heading.default\">\n\t\t\t\t<div class=\"elementor-widget-container\">\n\t\t\t\t\t<h2 class=\"elementor-heading-title elementor-size-default\">Redirec\u021bioneaz\u0103 3,5%<\/h2>\t\t\t\t<\/div>\n\t\t\t\t<\/div>\n\t\t\t\t<div class=\"elementor-element elementor-element-73d9ec4 elementor-widget elementor-widget-text-editor\" data-id=\"73d9ec4\" data-element_type=\"widget\" data-e-type=\"widget\" data-widget_type=\"text-editor.default\">\n\t\t\t\t<div class=\"elementor-widget-container\">\n\t\t\t\t\t\t\t\t\t<div class=\"elementor-element elementor-element-686022d elementor-widget elementor-widget-text-editor\" data-id=\"686022d\" data-element_type=\"widget\" data-settings=\"{&quot;_animation&quot;:&quot;none&quot;}\" data-widget_type=\"text-editor.default\"><div class=\"elementor-widget-container\"><p>Redirec\u021bioneaz\u0103 c\u0103tre Riposta 3,5% din impozitul pe venit ob\u021binut \u00een anul anterior \u0219i sus\u021bine activitatea noastr\u0103 de a putea sus\u021bine c\u00e2t mai multe ateliere de autoap\u0103rare feminist\u0103 \u0219i grupuri de practic\u0103.<\/p><p>Procedura redirec\u021bion\u0103rii este simpl\u0103 \u0219i nu te cost\u0103 nimic. Este dreptul fiec\u0103rei persoane (angajat, pensionar) s\u0103 direc\u021bioneze o parte din venitul datorat statului rom\u00e2n unei cauze \u00een care crede \u0219i s\u0103 sus\u021bin\u0103 o organiza\u021bie non-guvernamental\u0103. \u00cen cazul \u00een care acest formular nu este depus, ace\u0219ti bani ajung tot la stat.<\/p><h4>Termen limit\u0103: <strong>25 mai 2026<\/strong><\/h4><\/div><\/div>\t\t\t\t\t\t\t\t<\/div>\n\t\t\t\t<\/div>\n\t\t\t\t<div class=\"elementor-element elementor-element-a21a29a elementor-widget elementor-widget-button\" data-id=\"a21a29a\" data-element_type=\"widget\" data-e-type=\"widget\" data-widget_type=\"button.default\">\n\t\t\t\t<div class=\"elementor-widget-container\">\n\t\t\t\t\t\t\t\t\t<div class=\"elementor-button-wrapper\">\n\t\t\t\t\t<a class=\"elementor-button elementor-button-link elementor-size-sm\" href=\"https:\/\/ing.redirectioneaza.ro\/asociatia-riposta\/\" target=\"_blank\" rel=\"noopener noreferrer nofollow\">\n\t\t\t\t\t\t<span class=\"elementor-button-content-wrapper\">\n\t\t\t\t\t\t\t\t\t<span class=\"elementor-button-text\">Redirec\u021bioneaz\u0103 online AICI<\/span>\n\t\t\t\t\t<\/span>\n\t\t\t\t\t<\/a>\n\t\t\t\t<\/div>\n\t\t\t\t\t\t\t\t<\/div>\n\t\t\t\t<\/div>\n\t\t\t\t<\/div>\n\t\t<div class=\"elementor-element elementor-element-5d7de9a e-con-full e-flex e-con e-child\" data-id=\"5d7de9a\" data-element_type=\"container\" data-e-type=\"container\">\n\t\t\t\t<div class=\"elementor-element elementor-element-8ac24d8 elementor-widget elementor-widget-heading\" data-id=\"8ac24d8\" data-element_type=\"widget\" data-e-type=\"widget\" data-widget_type=\"heading.default\">\n\t\t\t\t<div class=\"elementor-widget-container\">\n\t\t\t\t\t<h2 class=\"elementor-heading-title elementor-size-default\">Transfer bancar<\/h2>\t\t\t\t<\/div>\n\t\t\t\t<\/div>\n\t\t\t\t<div class=\"elementor-element elementor-element-ffe826d elementor-widget elementor-widget-text-editor\" data-id=\"ffe826d\" data-element_type=\"widget\" data-e-type=\"widget\" data-widget_type=\"text-editor.default\">\n\t\t\t\t<div class=\"elementor-widget-container\">\n\t\t\t\t\t\t\t\t\t<div class=\"elementor-element elementor-element-686022d elementor-widget elementor-widget-text-editor\" data-id=\"686022d\" data-element_type=\"widget\" data-settings=\"{&quot;_animation&quot;:&quot;none&quot;}\" data-widget_type=\"text-editor.default\"><div class=\"elementor-widget-container\"><h4>Vrei s\u0103 sus\u021bii \u00eemputernicirea grupurilor marginalizare? Cele mai utile sunt dona\u021biile directe \u00een contul asocia\u021biei.<\/h4><h4><strong>Asocia\u021bia Riposta<\/strong><\/h4><h4><strong>CIF 47617801<\/strong><\/h4><h4><strong>IBAN RON: RO46BTRLRONCRT0671013401<\/strong><br \/><strong>IBAN EUR: RO93BTRLEURCRT0671013401<\/strong><\/h4><h4><strong>Banca Transilvania<\/strong><br \/><strong>SWIFT: BTRLRO22XXX<\/strong><\/h4><p><!-- notionvc: 10b8906d-c27e-45c7-b657-e9d18d8c10cf --><\/p><\/div><\/div>\t\t\t\t\t\t\t\t<\/div>\n\t\t\t\t<\/div>\n\t\t\t\t<\/div>\n\t\t\t\t\t<\/div>\n\t\t\t\t<\/div>\n\t\t<div class=\"aux-parallax-section elementor-element elementor-element-3b30061 e-flex e-con-boxed e-con e-parent\" data-id=\"3b30061\" data-element_type=\"container\" data-e-type=\"container\" data-settings=\"{&quot;background_background&quot;:&quot;classic&quot;}\">\n\t\t\t\t\t<div class=\"e-con-inner\">\n\t\t\t\t<div class=\"elementor-element elementor-element-495900b elementor-widget elementor-widget-heading\" data-id=\"495900b\" data-element_type=\"widget\" data-e-type=\"widget\" data-widget_type=\"heading.default\">\n\t\t\t\t<div class=\"elementor-widget-container\">\n\t\t\t\t\t<h2 class=\"elementor-heading-title elementor-size-default\">Sus\u021binerea ta ne ajut\u0103...<\/h2>\t\t\t\t<\/div>\n\t\t\t\t<\/div>\n\t\t\t\t\t<\/div>\n\t\t\t\t<\/div>\n\t\t<div class=\"aux-parallax-section elementor-element elementor-element-e434b74 e-flex e-con-boxed e-con e-parent\" data-id=\"e434b74\" data-element_type=\"container\" data-e-type=\"container\" data-settings=\"{&quot;background_background&quot;:&quot;classic&quot;}\">\n\t\t\t\t\t<div class=\"e-con-inner\">\n\t\t<div class=\"elementor-element elementor-element-5aaeb4d e-con-full e-flex e-con e-child\" data-id=\"5aaeb4d\" data-element_type=\"container\" data-e-type=\"container\">\n\t\t\t\t<div class=\"elementor-element elementor-element-1921096 elementor-widget elementor-widget-heading\" data-id=\"1921096\" data-element_type=\"widget\" data-e-type=\"widget\" data-widget_type=\"heading.default\">\n\t\t\t\t<div class=\"elementor-widget-container\">\n\t\t\t\t\t<h3 class=\"elementor-heading-title elementor-size-default\">cu 100RON asiguri locul pentru 1 pers. la un atelier introductiv<\/h3>\t\t\t\t<\/div>\n\t\t\t\t<\/div>\n\t\t\t\t<div class=\"elementor-element elementor-element-8e6cda0 elementor-widget elementor-widget-image\" data-id=\"8e6cda0\" data-element_type=\"widget\" data-e-type=\"widget\" data-widget_type=\"image.default\">\n\t\t\t\t<div class=\"elementor-widget-container\">\n\t\t\t\t\t\t\t\t\t\t\t\t\t\t\t<img fetchpriority=\"high\" decoding=\"async\" width=\"1024\" height=\"1024\" src=\"https:\/\/riposta.org\/wp-content\/uploads\/2026\/02\/Layer-7-1024x1024.png\" class=\"attachment-large size-large wp-image-351\" alt=\"\" srcset=\"https:\/\/riposta.org\/wp-content\/uploads\/2026\/02\/Layer-7-1024x1024.png 1024w, https:\/\/riposta.org\/wp-content\/uploads\/2026\/02\/Layer-7-300x300.png 300w, https:\/\/riposta.org\/wp-content\/uploads\/2026\/02\/Layer-7-150x150.png 150w, https:\/\/riposta.org\/wp-content\/uploads\/2026\/02\/Layer-7-768x768.png 768w, https:\/\/riposta.org\/wp-content\/uploads\/2026\/02\/Layer-7-1536x1536.png 1536w, https:\/\/riposta.org\/wp-content\/uploads\/2026\/02\/Layer-7-2048x2048.png 2048w\" sizes=\"(max-width: 1024px) 100vw, 1024px\" \/>\t\t\t\t\t\t\t\t\t\t\t\t\t\t\t<\/div>\n\t\t\t\t<\/div>\n\t\t\t\t<\/div>\n\t\t<div class=\"elementor-element elementor-element-903f5fd e-con-full e-flex e-con e-child\" data-id=\"903f5fd\" data-element_type=\"container\" data-e-type=\"container\">\n\t\t\t\t<div class=\"elementor-element elementor-element-cb1dd7e elementor-widget elementor-widget-heading\" data-id=\"cb1dd7e\" data-element_type=\"widget\" data-e-type=\"widget\" data-widget_type=\"heading.default\">\n\t\t\t\t<div class=\"elementor-widget-container\">\n\t\t\t\t\t<h3 class=\"elementor-heading-title elementor-size-default\">cu 700RON sus\u021bii un facilitatorx pentru o zi de atelier<\/h3>\t\t\t\t<\/div>\n\t\t\t\t<\/div>\n\t\t\t\t<div class=\"elementor-element elementor-element-f114078 elementor-widget elementor-widget-image\" data-id=\"f114078\" data-element_type=\"widget\" data-e-type=\"widget\" data-widget_type=\"image.default\">\n\t\t\t\t<div class=\"elementor-widget-container\">\n\t\t\t\t\t\t\t\t\t\t\t\t\t\t\t<img decoding=\"async\" width=\"1024\" height=\"1024\" src=\"https:\/\/riposta.org\/wp-content\/uploads\/2026\/02\/20220525_131720-1024x1024.png\" class=\"attachment-large size-large wp-image-352\" alt=\"\" srcset=\"https:\/\/riposta.org\/wp-content\/uploads\/2026\/02\/20220525_131720-1024x1024.png 1024w, https:\/\/riposta.org\/wp-content\/uploads\/2026\/02\/20220525_131720-300x300.png 300w, https:\/\/riposta.org\/wp-content\/uploads\/2026\/02\/20220525_131720-150x150.png 150w, https:\/\/riposta.org\/wp-content\/uploads\/2026\/02\/20220525_131720-768x768.png 768w, https:\/\/riposta.org\/wp-content\/uploads\/2026\/02\/20220525_131720-1536x1536.png 1536w, https:\/\/riposta.org\/wp-content\/uploads\/2026\/02\/20220525_131720-2048x2048.png 2048w\" sizes=\"(max-width: 1024px) 100vw, 1024px\" \/>\t\t\t\t\t\t\t\t\t\t\t\t\t\t\t<\/div>\n\t\t\t\t<\/div>\n\t\t\t\t<\/div>\n\t\t<div class=\"elementor-element elementor-element-07cd783 e-con-full e-flex e-con e-child\" data-id=\"07cd783\" data-element_type=\"container\" data-e-type=\"container\">\n\t\t\t\t<div class=\"elementor-element elementor-element-8438049 elementor-widget elementor-widget-heading\" data-id=\"8438049\" data-element_type=\"widget\" data-e-type=\"widget\" data-widget_type=\"heading.default\">\n\t\t\t\t<div class=\"elementor-widget-container\">\n\t\t\t\t\t<h3 class=\"elementor-heading-title elementor-size-default\">cu 1400RON asiguri spa\u021biul necesar pentru un atelier de week-end.<\/h3>\t\t\t\t<\/div>\n\t\t\t\t<\/div>\n\t\t\t\t<div class=\"elementor-element elementor-element-c9a4839 elementor-widget elementor-widget-image\" data-id=\"c9a4839\" data-element_type=\"widget\" data-e-type=\"widget\" data-widget_type=\"image.default\">\n\t\t\t\t<div class=\"elementor-widget-container\">\n\t\t\t\t\t\t\t\t\t\t\t\t\t\t\t<img decoding=\"async\" width=\"1024\" height=\"1024\" src=\"https:\/\/riposta.org\/wp-content\/uploads\/2026\/02\/20220516_105646-1024x1024.png\" class=\"attachment-large size-large wp-image-353\" alt=\"\" srcset=\"https:\/\/riposta.org\/wp-content\/uploads\/2026\/02\/20220516_105646-1024x1024.png 1024w, https:\/\/riposta.org\/wp-content\/uploads\/2026\/02\/20220516_105646-300x300.png 300w, https:\/\/riposta.org\/wp-content\/uploads\/2026\/02\/20220516_105646-150x150.png 150w, https:\/\/riposta.org\/wp-content\/uploads\/2026\/02\/20220516_105646-768x768.png 768w, https:\/\/riposta.org\/wp-content\/uploads\/2026\/02\/20220516_105646.png 1200w\" sizes=\"(max-width: 1024px) 100vw, 1024px\" \/>\t\t\t\t\t\t\t\t\t\t\t\t\t\t\t<\/div>\n\t\t\t\t<\/div>\n\t\t\t\t<\/div>\n\t\t\t\t\t<\/div>\n\t\t\t\t<\/div>\n\t\t\t\t<\/div>","protected":false},"excerpt":{"rendered":"<p>Sprijin\u0103 Suntem o echip\u0103 mic\u0103, care p\u00e2n\u0103 acum am lucrat voluntar la aceast\u0103 ini\u021biativ\u0103. Mii de ore de organizare logistic\u0103, administrativ\u0103, financiar\u0103 \u0219i preg\u0103tire pe toate planurile pentru a putea sus\u021bine atelierele dintr-o zon\u0103 \u00een care suntem \u00eencrez\u0103toarex \u00een informa\u021biile pe care le transmitem.\u0218tim c\u0103 cererea pentru ateliere \u0219i mai multe evenimente este foarte mare, [&hellip;]<\/p>\n","protected":false},"author":1,"featured_media":0,"parent":0,"menu_order":0,"comment_status":"closed","ping_status":"closed","template":"elementor_header_footer","meta":{"footnotes":""},"class_list":["post-39","page","type-page","status-publish","hentry"],"yoast_head":"<!-- This site is optimized with the Yoast SEO plugin v27.4 - https:\/\/yoast.com\/product\/yoast-seo-wordpress\/ -->\n<title>Sprijina - RIPOSTA<\/title>\n<meta name=\"robots\" content=\"index, follow, max-snippet:-1, max-image-preview:large, max-video-preview:-1\" \/>\n<link rel=\"canonical\" href=\"https:\/\/riposta.org\/en\/sprijina\/\" \/>\n<meta property=\"og:locale\" content=\"en_US\" \/>\n<meta property=\"og:type\" content=\"article\" \/>\n<meta property=\"og:title\" content=\"Sprijina - RIPOSTA\" \/>\n<meta property=\"og:description\" content=\"Sprijin\u0103 Suntem o echip\u0103 mic\u0103, care p\u00e2n\u0103 acum am lucrat voluntar la aceast\u0103 ini\u021biativ\u0103. Mii de ore de organizare logistic\u0103, administrativ\u0103, financiar\u0103 \u0219i preg\u0103tire pe toate planurile pentru a putea sus\u021bine atelierele dintr-o zon\u0103 \u00een care suntem \u00eencrez\u0103toarex \u00een informa\u021biile pe care le transmitem.\u0218tim c\u0103 cererea pentru ateliere \u0219i mai multe evenimente este foarte mare, [&hellip;]\" \/>\n<meta property=\"og:url\" content=\"https:\/\/riposta.org\/en\/sprijina\/\" \/>\n<meta property=\"og:site_name\" content=\"RIPOSTA\" \/>\n<meta property=\"article:modified_time\" content=\"2026-02-03T11:09:47+00:00\" \/>\n<meta property=\"og:image\" content=\"http:\/\/riposta.org\/wp-content\/uploads\/2026\/02\/Layer-7-1024x1024.png\" \/>\n<meta name=\"twitter:card\" content=\"summary_large_image\" \/>\n<meta name=\"twitter:label1\" content=\"Est. reading time\" \/>\n\t<meta name=\"twitter:data1\" content=\"1 minute\" \/>\n<script type=\"application\/ld+json\" class=\"yoast-schema-graph\">{\"@context\":\"https:\\\/\\\/schema.org\",\"@graph\":[{\"@type\":\"WebPage\",\"@id\":\"https:\\\/\\\/riposta.org\\\/sprijina\\\/\",\"url\":\"https:\\\/\\\/riposta.org\\\/sprijina\\\/\",\"name\":\"Sprijina - RIPOSTA\",\"isPartOf\":{\"@id\":\"https:\\\/\\\/riposta.org\\\/en\\\/#website\"},\"primaryImageOfPage\":{\"@id\":\"https:\\\/\\\/riposta.org\\\/sprijina\\\/#primaryimage\"},\"image\":{\"@id\":\"https:\\\/\\\/riposta.org\\\/sprijina\\\/#primaryimage\"},\"thumbnailUrl\":\"http:\\\/\\\/riposta.org\\\/wp-content\\\/uploads\\\/2026\\\/02\\\/Layer-7-1024x1024.png\",\"datePublished\":\"2021-07-30T14:06:59+00:00\",\"dateModified\":\"2026-02-03T11:09:47+00:00\",\"breadcrumb\":{\"@id\":\"https:\\\/\\\/riposta.org\\\/sprijina\\\/#breadcrumb\"},\"inLanguage\":\"en-US\",\"potentialAction\":[{\"@type\":\"ReadAction\",\"target\":[\"https:\\\/\\\/riposta.org\\\/sprijina\\\/\"]}]},{\"@type\":\"ImageObject\",\"inLanguage\":\"en-US\",\"@id\":\"https:\\\/\\\/riposta.org\\\/sprijina\\\/#primaryimage\",\"url\":\"http:\\\/\\\/riposta.org\\\/wp-content\\\/uploads\\\/2026\\\/02\\\/Layer-7-1024x1024.png\",\"contentUrl\":\"http:\\\/\\\/riposta.org\\\/wp-content\\\/uploads\\\/2026\\\/02\\\/Layer-7-1024x1024.png\"},{\"@type\":\"BreadcrumbList\",\"@id\":\"https:\\\/\\\/riposta.org\\\/sprijina\\\/#breadcrumb\",\"itemListElement\":[{\"@type\":\"ListItem\",\"position\":1,\"name\":\"Home\",\"item\":\"https:\\\/\\\/riposta.org\\\/en\\\/\"},{\"@type\":\"ListItem\",\"position\":2,\"name\":\"Sprijina\"}]},{\"@type\":\"WebSite\",\"@id\":\"https:\\\/\\\/riposta.org\\\/en\\\/#website\",\"url\":\"https:\\\/\\\/riposta.org\\\/en\\\/\",\"name\":\"RIPOSTA\",\"description\":\"\",\"publisher\":{\"@id\":\"https:\\\/\\\/riposta.org\\\/en\\\/#organization\"},\"potentialAction\":[{\"@type\":\"SearchAction\",\"target\":{\"@type\":\"EntryPoint\",\"urlTemplate\":\"https:\\\/\\\/riposta.org\\\/en\\\/?s={search_term_string}\"},\"query-input\":{\"@type\":\"PropertyValueSpecification\",\"valueRequired\":true,\"valueName\":\"search_term_string\"}}],\"inLanguage\":\"en-US\"},{\"@type\":\"Organization\",\"@id\":\"https:\\\/\\\/riposta.org\\\/en\\\/#organization\",\"name\":\"RIPOSTA\",\"url\":\"https:\\\/\\\/riposta.org\\\/en\\\/\",\"logo\":{\"@type\":\"ImageObject\",\"inLanguage\":\"en-US\",\"@id\":\"https:\\\/\\\/riposta.org\\\/en\\\/#\\\/schema\\\/logo\\\/image\\\/\",\"url\":\"https:\\\/\\\/riposta.org\\\/wp-content\\\/uploads\\\/2026\\\/02\\\/logo-Riposta_500small.png\",\"contentUrl\":\"https:\\\/\\\/riposta.org\\\/wp-content\\\/uploads\\\/2026\\\/02\\\/logo-Riposta_500small.png\",\"width\":120,\"height\":120,\"caption\":\"RIPOSTA\"},\"image\":{\"@id\":\"https:\\\/\\\/riposta.org\\\/en\\\/#\\\/schema\\\/logo\\\/image\\\/\"},\"sameAs\":[\"https:\\\/\\\/www.instagram.com\\\/colectiva.riposta\\\/\"]}]}<\/script>\n<!-- \/ Yoast SEO plugin. -->","yoast_head_json":{"title":"Sprijina - RIPOSTA","robots":{"index":"index","follow":"follow","max-snippet":"max-snippet:-1","max-image-preview":"max-image-preview:large","max-video-preview":"max-video-preview:-1"},"canonical":"https:\/\/riposta.org\/en\/sprijina\/","og_locale":"en_US","og_type":"article","og_title":"Sprijina - RIPOSTA","og_description":"Sprijin\u0103 Suntem o echip\u0103 mic\u0103, care p\u00e2n\u0103 acum am lucrat voluntar la aceast\u0103 ini\u021biativ\u0103. Mii de ore de organizare logistic\u0103, administrativ\u0103, financiar\u0103 \u0219i preg\u0103tire pe toate planurile pentru a putea sus\u021bine atelierele dintr-o zon\u0103 \u00een care suntem \u00eencrez\u0103toarex \u00een informa\u021biile pe care le transmitem.\u0218tim c\u0103 cererea pentru ateliere \u0219i mai multe evenimente este foarte mare, [&hellip;]","og_url":"https:\/\/riposta.org\/en\/sprijina\/","og_site_name":"RIPOSTA","article_modified_time":"2026-02-03T11:09:47+00:00","og_image":[{"url":"http:\/\/riposta.org\/wp-content\/uploads\/2026\/02\/Layer-7-1024x1024.png","type":"","width":"","height":""}],"twitter_card":"summary_large_image","twitter_misc":{"Est. reading time":"1 minute"},"schema":{"@context":"https:\/\/schema.org","@graph":[{"@type":"WebPage","@id":"https:\/\/riposta.org\/sprijina\/","url":"https:\/\/riposta.org\/sprijina\/","name":"Sprijina - RIPOSTA","isPartOf":{"@id":"https:\/\/riposta.org\/en\/#website"},"primaryImageOfPage":{"@id":"https:\/\/riposta.org\/sprijina\/#primaryimage"},"image":{"@id":"https:\/\/riposta.org\/sprijina\/#primaryimage"},"thumbnailUrl":"http:\/\/riposta.org\/wp-content\/uploads\/2026\/02\/Layer-7-1024x1024.png","datePublished":"2021-07-30T14:06:59+00:00","dateModified":"2026-02-03T11:09:47+00:00","breadcrumb":{"@id":"https:\/\/riposta.org\/sprijina\/#breadcrumb"},"inLanguage":"en-US","potentialAction":[{"@type":"ReadAction","target":["https:\/\/riposta.org\/sprijina\/"]}]},{"@type":"ImageObject","inLanguage":"en-US","@id":"https:\/\/riposta.org\/sprijina\/#primaryimage","url":"http:\/\/riposta.org\/wp-content\/uploads\/2026\/02\/Layer-7-1024x1024.png","contentUrl":"http:\/\/riposta.org\/wp-content\/uploads\/2026\/02\/Layer-7-1024x1024.png"},{"@type":"BreadcrumbList","@id":"https:\/\/riposta.org\/sprijina\/#breadcrumb","itemListElement":[{"@type":"ListItem","position":1,"name":"Home","item":"https:\/\/riposta.org\/en\/"},{"@type":"ListItem","position":2,"name":"Sprijina"}]},{"@type":"WebSite","@id":"https:\/\/riposta.org\/en\/#website","url":"https:\/\/riposta.org\/en\/","name":"RIPOSTA","description":"","publisher":{"@id":"https:\/\/riposta.org\/en\/#organization"},"potentialAction":[{"@type":"SearchAction","target":{"@type":"EntryPoint","urlTemplate":"https:\/\/riposta.org\/en\/?s={search_term_string}"},"query-input":{"@type":"PropertyValueSpecification","valueRequired":true,"valueName":"search_term_string"}}],"inLanguage":"en-US"},{"@type":"Organization","@id":"https:\/\/riposta.org\/en\/#organization","name":"RIPOSTA","url":"https:\/\/riposta.org\/en\/","logo":{"@type":"ImageObject","inLanguage":"en-US","@id":"https:\/\/riposta.org\/en\/#\/schema\/logo\/image\/","url":"https:\/\/riposta.org\/wp-content\/uploads\/2026\/02\/logo-Riposta_500small.png","contentUrl":"https:\/\/riposta.org\/wp-content\/uploads\/2026\/02\/logo-Riposta_500small.png","width":120,"height":120,"caption":"RIPOSTA"},"image":{"@id":"https:\/\/riposta.org\/en\/#\/schema\/logo\/image\/"},"sameAs":["https:\/\/www.instagram.com\/colectiva.riposta\/"]}]}},"_links":{"self":[{"href":"https:\/\/riposta.org\/en\/wp-json\/wp\/v2\/pages\/39","targetHints":{"allow":["GET"]}}],"collection":[{"href":"https:\/\/riposta.org\/en\/wp-json\/wp\/v2\/pages"}],"about":[{"href":"https:\/\/riposta.org\/en\/wp-json\/wp\/v2\/types\/page"}],"author":[{"embeddable":true,"href":"https:\/\/riposta.org\/en\/wp-json\/wp\/v2\/users\/1"}],"replies":[{"embeddable":true,"href":"https:\/\/riposta.org\/en\/wp-json\/wp\/v2\/comments?post=39"}],"version-history":[{"count":5,"href":"https:\/\/riposta.org\/en\/wp-json\/wp\/v2\/pages\/39\/revisions"}],"predecessor-version":[{"id":386,"href":"https:\/\/riposta.org\/en\/wp-json\/wp\/v2\/pages\/39\/revisions\/386"}],"wp:attachment":[{"href":"https:\/\/riposta.org\/en\/wp-json\/wp\/v2\/media?parent=39"}],"curies":[{"name":"wp","href":"https:\/\/api.w.org\/{rel}","templated":true}]}}